{"id":1081,"date":"2023-05-10T10:53:26","date_gmt":"2023-05-10T10:53:26","guid":{"rendered":"https:\/\/www.auritus.de\/?page_id=1081"},"modified":"2023-05-10T13:04:35","modified_gmt":"2023-05-10T13:04:35","slug":"co2-neutral","status":"publish","type":"page","link":"https:\/\/www.auritus.de\/?page_id=1081","title":{"rendered":"CO2 Neutral"},"content":{"rendered":"<div data-colibri-id=\"1081-c1\" class=\"style-432 style-local-1081-c1 position-relative\">\n  <!---->\n  <div data-colibri-component=\"section\" data-colibri-id=\"1081-c9\" id=\"custom\" class=\"h-section h-section-global-spacing d-flex align-items-lg-center align-items-md-center align-items-center style-440 style-local-1081-c9 position-relative\">\n    <!---->\n    <!---->\n    <div class=\"h-section-grid-container h-section-boxed-container\">\n      <!---->\n      <div data-colibri-id=\"1081-c10\" class=\"h-row-container gutters-row-lg-1 gutters-row-md-1 gutters-row-0 gutters-row-v-lg-1 gutters-row-v-md-1 gutters-row-v-1 style-441 style-local-1081-c10 position-relative\">\n        <!---->\n        <div class=\"h-row justify-content-lg-center justify-content-md-center justify-content-center align-items-lg-stretch align-items-md-stretch align-items-stretch gutters-col-lg-1 gutters-col-md-1 gutters-col-0 gutters-col-v-lg-1 gutters-col-v-md-1 gutters-col-v-1\">\n          <!---->\n          <div class=\"h-column h-column-container d-flex h-col-lg-auto h-col-md-auto h-col-auto style-442-outer style-local-1081-c11-outer\">\n            <div data-colibri-id=\"1081-c11\" class=\"d-flex h-flex-basis h-column__inner h-px-lg-0 h-px-md-0 h-px-0 v-inner-lg-0 v-inner-md-0 v-inner-0 style-442 style-local-1081-c11 position-relative\">\n              <!---->\n              <!---->\n              <div class=\"w-100 h-y-container h-column__content h-column__v-align flex-basis-100 align-self-lg-start align-self-md-start align-self-start\">\n                <!---->\n                <div data-colibri-id=\"1081-c13\" class=\"d-block style-444 style-local-1081-c13 position-relative h-element\">\n                  <!---->\n                  <div class=\"h-image__frame-container-outer\">\n                    <div class=\"h-image__frame-container\">\n                      <!---->\n                      <!---->\n                      <img decoding=\"async\" loading=\"lazy\" width=\"700\" height=\"437\" src=\"https:\/\/www.auritus.de\/wp-content\/uploads\/2023\/05\/umwelt.jpg\" class=\"wp-image-1083 style-444-image style-local-1081-c13-image\" srcset=\"https:\/\/www.auritus.de\/wp-content\/uploads\/2023\/05\/umwelt.jpg 700w, https:\/\/www.auritus.de\/wp-content\/uploads\/2023\/05\/umwelt-300x187.jpg 300w\" sizes=\"(max-width: 700px) 100vw, 700px\" alt=\"\" \/>\n                      <div class=\"h-image__frame h-hide-lg h-hide-md h-hide-sm style-444-frameImage style-local-1081-c13-frameImage\"><\/div>\n                    <\/div>\n                  <\/div>\n                <\/div>\n              <\/div>\n            <\/div>\n          <\/div>\n          <div class=\"h-column h-column-container d-flex h-col-lg-auto h-col-md-auto h-col-auto style-443-outer style-local-1081-c12-outer\">\n            <div data-colibri-id=\"1081-c12\" class=\"d-flex h-flex-basis h-column__inner h-px-lg-0 h-px-md-0 h-px-0 v-inner-lg-0 v-inner-md-0 v-inner-0 style-443 style-local-1081-c12 position-relative\">\n              <!---->\n              <!---->\n              <div class=\"w-100 h-y-container h-column__content h-column__v-align flex-basis-100 align-self-lg-start align-self-md-start align-self-start\">\n                <!---->\n                <div data-colibri-id=\"1081-c14\" class=\"h-global-transition-all h-heading style-445 style-local-1081-c14 position-relative h-element\">\n                  <!---->\n                  <div class=\"h-heading__outer style-445 style-local-1081-c14\">\n                    <!---->\n                    <!---->\n                    <h4 class=\"\">Wir tun etwas<\/h4>\n                  <\/div>\n                <\/div>\n                <div data-colibri-id=\"1081-c15\" class=\"h-text h-text-component style-446 style-local-1081-c15 position-relative h-element\">\n                  <!---->\n                  <!---->\n                  <div class=\"\">\n                    <p>Wir arbeiten seit jeher an daran, die Umwelt weniger zu belasten.\n                      <br> Seit 2021 sind wir CO2 neutral. Einige Beispiele unserer Ma\u00dfnahmen:\n                      <br>\n                      <br>Strom, den wir nicht mit der eigenen Solaranlage produzieren k\u00f6nnen, kaufen wir komplett aus Wasserkraft.\n                      <br>\n                      <br>Wir fahren kleinere Firmenfahrzeuge und behalten sie l\u00e4nger, als \u00fcblich. Unn\u00f6tige Fahrten vermeiden wir.\n                      <br>\n                      <br>Wir heizen seit Jahren mittels W\u00e4rmepumpe.\n                      <br>Warmwasser erzeugen wir mittels Solarthermie.<\/p>\n                  <\/div>\n                <\/div>\n              <\/div>\n            <\/div>\n          <\/div>\n        <\/div>\n      <\/div>\n    <\/div>\n  <\/div>\n<\/div>","protected":false},"excerpt":{"rendered":"<p>Wir tun etwas Wir arbeiten seit jeher an daran, die Umwelt weniger zu belasten. Seit 2021 sind wir CO2 neutral. Einige Beispiele unserer Ma\u00dfnahmen: Strom, den wir nicht mit der eigenen Solaranlage produzieren k\u00f6nnen, kaufen wir komplett aus Wasserkraft. Wir fahren kleinere Firmenfahrzeuge und behalten sie l\u00e4nger, als \u00fcblich. Unn\u00f6tige Fahrten vermeiden wir. Wir heizen [&hellip;]<\/p>\n","protected":false},"author":1,"featured_media":0,"parent":0,"menu_order":0,"comment_status":"closed","ping_status":"closed","template":"page-templates\/full-width-page.php","meta":[],"_links":{"self":[{"href":"https:\/\/www.auritus.de\/index.php?rest_route=\/wp\/v2\/pages\/1081"}],"collection":[{"href":"https:\/\/www.auritus.de\/index.php?rest_route=\/wp\/v2\/pages"}],"about":[{"href":"https:\/\/www.auritus.de\/index.php?rest_route=\/wp\/v2\/types\/page"}],"author":[{"embeddable":true,"href":"https:\/\/www.auritus.de\/index.php?rest_route=\/wp\/v2\/users\/1"}],"replies":[{"embeddable":true,"href":"https:\/\/www.auritus.de\/index.php?rest_route=%2Fwp%2Fv2%2Fcomments&post=1081"}],"version-history":[{"count":2,"href":"https:\/\/www.auritus.de\/index.php?rest_route=\/wp\/v2\/pages\/1081\/revisions"}],"predecessor-version":[{"id":1092,"href":"https:\/\/www.auritus.de\/index.php?rest_route=\/wp\/v2\/pages\/1081\/revisions\/1092"}],"wp:attachment":[{"href":"https:\/\/www.auritus.de\/index.php?rest_route=%2Fwp%2Fv2%2Fmedia&parent=1081"}],"curies":[{"name":"wp","href":"https:\/\/api.w.org\/{rel}","templated":true}]}}