{"id":258,"date":"2022-01-22T01:56:47","date_gmt":"2022-01-22T01:56:47","guid":{"rendered":"https:\/\/www.auritus.de\/?page_id=258"},"modified":"2022-01-22T02:27:05","modified_gmt":"2022-01-22T02:27:05","slug":"unternehmer-runden","status":"publish","type":"page","link":"https:\/\/www.auritus.de\/?page_id=258","title":{"rendered":"Unternehmer-Runden"},"content":{"rendered":"<div data-colibri-id=\"258-c1\" class=\"style-276 style-local-258-c1 position-relative\">\n  <!---->\n  <div data-colibri-component=\"section\" data-colibri-id=\"258-c2\" id=\"content\" class=\"h-section h-section-global-spacing d-flex align-items-lg-center align-items-md-center align-items-center style-277 style-local-258-c2 h-overflow-hidden position-relative\">\n    <!---->\n    <!---->\n    <div class=\"h-section-grid-container h-section-fluid-container\">\n      <!---->\n      <div data-colibri-id=\"258-c3\" class=\"h-row-container gutters-row-lg-1 gutters-row-md-1 gutters-row-2 gutters-row-v-lg-1 gutters-row-v-md-1 gutters-row-v-2 style-278 style-local-258-c3 position-relative\">\n        <!---->\n        <div class=\"h-row justify-content-lg-center justify-content-md-center justify-content-center align-items-lg-stretch align-items-md-stretch align-items-stretch gutters-col-lg-1 gutters-col-md-1 gutters-col-2 gutters-col-v-lg-1 gutters-col-v-md-1 gutters-col-v-2\">\n          <!---->\n          <div class=\"h-column h-column-container d-flex h-col-lg-auto h-col-md-auto h-col-auto style-279-outer style-local-258-c4-outer\">\n            <div data-colibri-id=\"258-c4\" class=\"d-flex h-flex-basis h-column__inner h-ui-empty-state-container h-px-lg-0 h-px-md-0 h-px-0 v-inner-lg-0 v-inner-md-0 v-inner-0 style-279 style-local-258-c4 position-relative\">\n              <!---->\n              <!---->\n              <div class=\"w-100 h-y-container h-column__content h-column__v-align flex-basis-100\">\n                <!---->\n              <\/div>\n            <\/div>\n          <\/div>\n          <div class=\"h-column h-column-container d-flex h-col-lg-auto h-col-md-auto h-col-auto style-280-outer style-local-258-c5-outer\">\n            <div data-colibri-id=\"258-c5\" class=\"d-flex h-flex-basis h-column__inner h-px-lg-2 h-px-md-2 h-px-0 v-inner-lg-2 v-inner-md-2 v-inner-2 style-280 style-local-258-c5 position-relative\">\n              <!---->\n              <!---->\n              <div class=\"w-100 h-y-container h-column__content h-column__v-align flex-basis-100 align-self-lg-start align-self-md-start align-self-start\">\n                <!---->\n                <div data-colibri-id=\"258-c6\" class=\"h-global-transition-all h-heading style-281 style-local-258-c6 position-relative h-element\">\n                  <!---->\n                  <div class=\"h-heading__outer style-281 style-local-258-c6\">\n                    <!---->\n                    <!---->\n                    <h4 class=\"\">100 Jahre Unternehmerische Erfahrung<\/h4>\n                  <\/div>\n                <\/div>\n                <div data-colibri-id=\"258-c7\" class=\"h-global-transition-all h-heading style-282 style-local-258-c7 position-relative h-element\">\n                  <!---->\n                  <div class=\"h-heading__outer style-282 style-local-258-c7\">\n                    <!---->\n                    <!---->\n                    <h2 class=\"\">Sie k\u00f6nnen das nutzen!<\/h2>\n                  <\/div>\n                <\/div>\n                <div data-colibri-id=\"258-c8\" class=\"h-text h-text-component style-283 style-local-258-c8 position-relative h-element\">\n                  <!---->\n                  <!---->\n                  <div class=\"\">\n                    <p>Wir organisieren und moderieren Runden, in denen Sie absolut vertraulich und ohne Wettbewerber am Tisch, offen \u00fcber Ihrer Themen sprechen k\u00f6nnen und Hilfe von Anderen bekommen. Wir nutzen daf\u00fcr die einzigartigen und absolut bew\u00e4hrten\n                      Methoden von TAB\u00ae The Alternative Board.&nbsp;<\/p>\n                  <\/div>\n                <\/div>\n                <div data-colibri-id=\"258-c9\" class=\"h-row-container gutters-row-lg-2 gutters-row-md-2 gutters-row-0 gutters-row-v-lg-2 gutters-row-v-md-2 gutters-row-v-0 style-284 style-local-258-c9 position-relative\">\n                  <!---->\n                  <div class=\"h-row justify-content-lg-center justify-content-md-center justify-content-center align-items-lg-stretch align-items-md-stretch align-items-stretch gutters-col-lg-2 gutters-col-md-2 gutters-col-0 gutters-col-v-lg-2 gutters-col-v-md-2 gutters-col-v-0\">\n                    <!---->\n                    <div class=\"h-column h-column-container d-flex h-col-lg-6 h-col-md-6 h-col-6 style-285-outer style-local-258-c10-outer\">\n                      <div data-colibri-id=\"258-c10\" class=\"d-flex h-flex-basis h-column__inner h-px-lg-0 h-px-md-0 h-px-2 v-inner-lg-0 v-inner-md-0 v-inner-2 style-285 style-local-258-c10 position-relative\">\n                        <!---->\n                        <!---->\n                        <div class=\"w-100 h-y-container h-column__content h-column__v-align flex-basis-100 align-self-lg-start align-self-md-start align-self-start\">\n                          <!---->\n                          <div data-colibri-id=\"258-c11\" class=\"h-global-transition-all h-heading style-286 style-local-258-c11 position-relative h-element\">\n                            <!---->\n                            <div class=\"h-heading__outer style-286 style-local-258-c11\">\n                              <!---->\n                              <!---->\n                              <h5 class=\"\">Unternehmer-Runde<\/h5>\n                            <\/div>\n                          <\/div>\n                          <div data-colibri-id=\"258-c12\" class=\"h-text h-text-component style-287 style-local-258-c12 position-relative h-element\">\n                            <!---->\n                            <!---->\n                            <div class=\"\">\n                              <p>100 oder mehr Jahre Erfahrung am Tisch aber kein Wettbewerber. Kein Kaffee-Kr\u00e4nzchen, sondern zielgerichtete Arbeit, die Sie erfolgreicher und sicherer in Ihren Entscheidungen macht.<\/p>\n                            <\/div>\n                          <\/div>\n                        <\/div>\n                      <\/div>\n                    <\/div>\n                    <div class=\"h-column h-column-container d-flex h-col-lg-6 h-col-md-6 h-col-6 style-285-outer style-local-258-c13-outer\">\n                      <div data-colibri-id=\"258-c13\" class=\"d-flex h-flex-basis h-column__inner h-px-lg-0 h-px-md-0 h-px-2 v-inner-lg-0 v-inner-md-0 v-inner-2 style-285 style-local-258-c13 position-relative\">\n                        <!---->\n                        <!---->\n                        <div class=\"w-100 h-y-container h-column__content h-column__v-align flex-basis-100 align-self-lg-start align-self-md-start align-self-start\">\n                          <!---->\n                          <div data-colibri-id=\"258-c14\" class=\"h-global-transition-all h-heading style-286 style-local-258-c14 position-relative h-element\">\n                            <!---->\n                            <div class=\"h-heading__outer style-286 style-local-258-c14\">\n                              <!---->\n                              <!---->\n                              <h5 class=\"\">Pers\u00f6nliche Stunde<\/h5>\n                            <\/div>\n                          <\/div>\n                          <div data-colibri-id=\"258-c15\" class=\"h-text h-text-component style-287 style-local-258-c15 position-relative h-element\">\n                            <!---->\n                            <!---->\n                            <div class=\"\">\n                              <p>Vor- und Nachbereitung der Runde zusammen mit unserem Moderator. Effizient und zielgerichtet. Sie finden die richtigen Themen und setzen die Ergebnisse auch um. Das ist uns wichtig.<\/p>\n                            <\/div>\n                          <\/div>\n                        <\/div>\n                      <\/div>\n                    <\/div>\n                    <div class=\"h-column h-column-container d-flex h-col-lg-6 h-col-md-6 h-col-6 style-285-outer style-local-258-c16-outer\">\n                      <div data-colibri-id=\"258-c16\" class=\"d-flex h-flex-basis h-column__inner h-px-lg-0 h-px-md-0 h-px-2 v-inner-lg-0 v-inner-md-0 v-inner-2 style-285 style-local-258-c16 position-relative\">\n                        <!---->\n                        <!---->\n                        <div class=\"w-100 h-y-container h-column__content h-column__v-align flex-basis-100 align-self-lg-start align-self-md-start align-self-start\">\n                          <!---->\n                          <div data-colibri-id=\"258-c17\" class=\"h-global-transition-all h-heading style-286 style-local-258-c17 position-relative h-element\">\n                            <!---->\n                            <div class=\"h-heading__outer style-286 style-local-258-c17\">\n                              <!---->\n                              <!---->\n                              <h5 class=\"\">Werkzeugkasten<\/h5>\n                            <\/div>\n                          <\/div>\n                          <div data-colibri-id=\"258-c18\" class=\"h-text h-text-component style-287 style-local-258-c18 position-relative h-element\">\n                            <!---->\n                            <!---->\n                            <div class=\"\">\n                              <p>Wir haben einen umfangreichen Werkzeugkasten f\u00fcr mittelst\u00e4ndige Unternehmen. Unsere Werkzeuge k\u00f6nne auch Sie nutzen. Sie sind einfach und effektiv.<\/p>\n                            <\/div>\n                          <\/div>\n                        <\/div>\n                      <\/div>\n                    <\/div>\n                    <div class=\"h-column h-column-container d-flex h-col-lg-6 h-col-md-6 h-col-6 style-285-outer style-local-258-c19-outer\">\n                      <div data-colibri-id=\"258-c19\" class=\"d-flex h-flex-basis h-column__inner h-px-lg-0 h-px-md-0 h-px-2 v-inner-lg-0 v-inner-md-0 v-inner-2 style-285 style-local-258-c19 position-relative\">\n                        <!---->\n                        <!---->\n                        <div class=\"w-100 h-y-container h-column__content h-column__v-align flex-basis-100 align-self-lg-start align-self-md-start align-self-start\">\n                          <!---->\n                          <div data-colibri-id=\"258-c20\" class=\"h-global-transition-all h-heading style-286 style-local-258-c20 position-relative h-element\">\n                            <!---->\n                            <div class=\"h-heading__outer style-286 style-local-258-c20\">\n                              <!---->\n                              <!---->\n                              <h5 class=\"\">Netzwerk<\/h5>\n                            <\/div>\n                          <\/div>\n                          <div data-colibri-id=\"258-c21\" class=\"h-text h-text-component style-287 style-local-258-c21 position-relative h-element\">\n                            <!---->\n                            <!---->\n                            <div class=\"\">\n                              <p>Profitieren Sie von unserem nationalen und internationalen Netzwerk von Unternehmern. Durch TAB\u00ae sind wir in \u00fcber 30 L\u00e4ndern mit Unternehmern vernetzt und unsere Mitglieder nutzen das gerne.<\/p>\n                            <\/div>\n                          <\/div>\n                        <\/div>\n                      <\/div>\n                    <\/div>\n                  <\/div>\n                <\/div>\n              <\/div>\n            <\/div>\n          <\/div>\n        <\/div>\n      <\/div>\n    <\/div>\n  <\/div>\n<\/div>","protected":false},"excerpt":{"rendered":"<p>100 Jahre Unternehmerische Erfahrung Sie k\u00f6nnen das nutzen! Wir organisieren und moderieren Runden, in denen Sie absolut vertraulich und ohne Wettbewerber am Tisch, offen \u00fcber Ihrer Themen sprechen k\u00f6nnen und Hilfe von Anderen bekommen. Wir nutzen daf\u00fcr die einzigartigen und absolut bew\u00e4hrten Methoden von TAB\u00ae The Alternative Board.&nbsp; Unternehmer-Runde 100 oder mehr Jahre Erfahrung am [&hellip;]<\/p>\n","protected":false},"author":1,"featured_media":0,"parent":198,"menu_order":0,"comment_status":"closed","ping_status":"closed","template":"page-templates\/full-width-page.php","meta":[],"_links":{"self":[{"href":"https:\/\/www.auritus.de\/index.php?rest_route=\/wp\/v2\/pages\/258"}],"collection":[{"href":"https:\/\/www.auritus.de\/index.php?rest_route=\/wp\/v2\/pages"}],"about":[{"href":"https:\/\/www.auritus.de\/index.php?rest_route=\/wp\/v2\/types\/page"}],"author":[{"embeddable":true,"href":"https:\/\/www.auritus.de\/index.php?rest_route=\/wp\/v2\/users\/1"}],"replies":[{"embeddable":true,"href":"https:\/\/www.auritus.de\/index.php?rest_route=%2Fwp%2Fv2%2Fcomments&post=258"}],"version-history":[{"count":6,"href":"https:\/\/www.auritus.de\/index.php?rest_route=\/wp\/v2\/pages\/258\/revisions"}],"predecessor-version":[{"id":293,"href":"https:\/\/www.auritus.de\/index.php?rest_route=\/wp\/v2\/pages\/258\/revisions\/293"}],"up":[{"embeddable":true,"href":"https:\/\/www.auritus.de\/index.php?rest_route=\/wp\/v2\/pages\/198"}],"wp:attachment":[{"href":"https:\/\/www.auritus.de\/index.php?rest_route=%2Fwp%2Fv2%2Fmedia&parent=258"}],"curies":[{"name":"wp","href":"https:\/\/api.w.org\/{rel}","templated":true}]}}