{"id":82,"date":"2022-01-21T22:04:16","date_gmt":"2022-01-21T22:04:16","guid":{"rendered":"https:\/\/www.auritus.de\/?page_id=82"},"modified":"2023-05-10T13:12:42","modified_gmt":"2023-05-10T13:12:42","slug":"colibri-wp","status":"publish","type":"page","link":"https:\/\/www.auritus.de\/","title":{"rendered":"Front Page"},"content":{"rendered":"<div data-colibri-id=\"82-c1\" class=\"style-191 style-local-82-c1 position-relative\">\n  <!---->\n  <div data-colibri-component=\"section\" data-colibri-id=\"82-c2\" id=\"overlappable\" class=\"h-section h-section-global-spacing d-flex align-items-lg-center align-items-md-center align-items-center style-250 style-local-82-c2 position-relative\">\n    <!---->\n    <!---->\n    <div class=\"h-section-grid-container h-section-boxed-container\">\n      <!---->\n      <div data-colibri-id=\"82-c3\" class=\"h-row-container gutters-row-lg-0 gutters-row-md-0 gutters-row-2 gutters-row-v-lg-0 gutters-row-v-md-0 gutters-row-v-2 style-251 style-local-82-c3 position-relative\">\n        <!---->\n        <div class=\"h-row justify-content-lg-center justify-content-md-center justify-content-center align-items-lg-stretch align-items-md-stretch align-items-stretch gutters-col-lg-0 gutters-col-md-0 gutters-col-2 gutters-col-v-lg-0 gutters-col-v-md-0 gutters-col-v-2\">\n          <!---->\n          <div class=\"h-column h-column-container d-flex h-col-lg-3 h-col-md-3 h-col-12 style-252-outer style-local-82-c4-outer\">\n            <div data-colibri-id=\"82-c4\" class=\"d-flex h-flex-basis h-column__inner h-px-lg-3 h-px-md-3 h-px-2 v-inner-lg-3 v-inner-md-3 v-inner-2 style-252 style-local-82-c4 position-relative\">\n              <!---->\n              <!---->\n              <div class=\"w-100 h-y-container h-column__content h-column__v-align flex-basis-100 align-self-lg-start align-self-md-start align-self-start\">\n                <!---->\n                <div data-colibri-id=\"82-c5\" class=\"h-icon style-253 style-local-82-c5 position-relative h-element\">\n                  <!---->\n                  <a href=\"https:\/\/www.auritus.de\/?page_id=258\" h-use-smooth-scroll=\"true\"><span class=\"h-svg-icon h-icon__icon style-253-icon style-local-82-c5-icon\"><!--Icon by Font Awesome (https:\/\/fontawesome.com)--><svg version=\"1.1\" xmlns=\"http:\/\/www.w3.org\/2000\/svg\" xmlns:xlink=\"http:\/\/www.w3.org\/1999\/xlink\" id=\"group\" viewBox=\"0 0 1920 1896.0833\"><path d=\"M593 896q-162 5-265 128H194q-82 0-138-40.5T0 865q0-353 124-353 6 0 43.5 21t97.5 42.5T384 597q67 0 133-23-5 37-5 66 0 139 81 256zm1071 637q0 120-73 189.5t-194 69.5H523q-121 0-194-69.5T256 1533q0-53 3.5-103.5t14-109T300 1212t43-97.5 62-81 85.5-53.5T602 960q10 0 43 21.5t73 48 107 48 135 21.5 135-21.5 107-48 73-48 43-21.5q61 0 111.5 20t85.5 53.5 62 81 43 97.5 26.5 108.5 14 109 3.5 103.5zM640 256q0 106-75 181t-181 75-181-75-75-181 75-181T384 0t181 75 75 181zm704 384q0 159-112.5 271.5T960 1024 688.5 911.5 576 640t112.5-271.5T960 256t271.5 112.5T1344 640zm576 225q0 78-56 118.5t-138 40.5h-134q-103-123-265-128 81-117 81-256 0-29-5-66 66 23 133 23 59 0 119-21.5t97.5-42.5 43.5-21q124 0 124 353zm-128-609q0 106-75 181t-181 75-181-75-75-181 75-181 181-75 181 75 75 181z\"><\/path><\/svg><\/span><\/a>\n                <\/div>\n                <div data-colibri-id=\"82-c6\" class=\"h-global-transition-all h-heading style-254 style-local-82-c6 position-relative h-element\">\n                  <!---->\n                  <div class=\"h-heading__outer style-254 style-local-82-c6\">\n                    <!---->\n                    <!---->\n                    <a href=\"https:\/\/www.auritus.de\/?page_id=258\" h-use-smooth-scroll=\"true\">\n                      <h5 class=\"\">Unternehmer-Runden&nbsp;<\/h5>\n                    <\/a>\n                  <\/div>\n                <\/div>\n                <div data-colibri-id=\"82-c7\" class=\"h-text h-text-component style-255 style-local-82-c7 position-relative h-element\">\n                  <!---->\n                  <!---->\n                  <div class=\"\">\n                    <p>Sie beraten sich mit&nbsp;anderen Unternehmern und werden von uns auch zwischen den Treffen gezielt weiter entwickelt. Wir nutzen daf\u00fcr das bew\u00e4hrte System von TAB\u00ae<\/p>\n                  <\/div>\n                <\/div>\n              <\/div>\n            <\/div>\n          <\/div>\n          <div class=\"h-column h-column-container d-flex h-col-lg-3 h-col-md-3 h-col-12 style-252-outer style-local-82-c8-outer\">\n            <div data-colibri-id=\"82-c8\" class=\"d-flex h-flex-basis h-column__inner h-px-lg-3 h-px-md-3 h-px-2 v-inner-lg-3 v-inner-md-3 v-inner-2 style-252 style-local-82-c8 position-relative\">\n              <!---->\n              <!---->\n              <div class=\"w-100 h-y-container h-column__content h-column__v-align flex-basis-100 align-self-lg-start align-self-md-start align-self-start\">\n                <!---->\n                <div data-colibri-id=\"82-c9\" class=\"h-icon style-253 style-local-82-c9 position-relative h-element\">\n                  <!---->\n                  <a href=\"https:\/\/www.auritus.de\/?page_id=2\" h-use-smooth-scroll=\"true\"><span class=\"h-svg-icon h-icon__icon style-253-icon style-local-82-c9-icon\"><!--Icon by Font Awesome (https:\/\/fontawesome.com)--><svg version=\"1.1\" xmlns=\"http:\/\/www.w3.org\/2000\/svg\" xmlns:xlink=\"http:\/\/www.w3.org\/1999\/xlink\" id=\"line-chart\" viewBox=\"0 0 2048 1896.0833\"><path d=\"M2048 1536v128H0V128h128v1408h1920zM1920 288v435q0 21-19.5 29.5T1865 745l-121-121-633 633q-10 10-23 10t-23-10l-233-233-416 416-192-192 585-585q10-10 23-10t23 10l233 233 464-464-121-121q-16-16-7.5-35.5T1453 256h435q14 0 23 9t9 23z\"><\/path><\/svg><\/span><\/a>\n                <\/div>\n                <div data-colibri-id=\"82-c10\" class=\"h-global-transition-all h-heading style-254 style-local-82-c10 position-relative h-element\">\n                  <!---->\n                  <div class=\"h-heading__outer style-254 style-local-82-c10\">\n                    <!---->\n                    <!---->\n                    <a href=\"https:\/\/www.auritus.de\/?page_id=2\" h-use-smooth-scroll=\"true\">\n                      <h5 class=\"\">Beratung &amp; Coaching<\/h5>\n                    <\/a>\n                  <\/div>\n                <\/div>\n                <div data-colibri-id=\"82-c11\" class=\"h-text h-text-component style-255 style-local-82-c11 position-relative h-element\">\n                  <!---->\n                  <!---->\n                  <div class=\"\">\n                    <p>Wir sind spezialisiert auf den Mittelstand. Unsere L\u00f6sungen passen garantiert zu Ihnen und wir lassen Sie auch bei der Umsetzung nicht im Stich.<\/p>\n                  <\/div>\n                <\/div>\n              <\/div>\n            <\/div>\n          <\/div>\n          <div class=\"h-column h-column-container d-flex h-col-lg-3 h-col-md-3 h-col-12 style-252-outer style-local-82-c12-outer\">\n            <div data-colibri-id=\"82-c12\" class=\"d-flex h-flex-basis h-column__inner h-px-lg-3 h-px-md-3 h-px-2 v-inner-lg-3 v-inner-md-3 v-inner-2 style-252 style-local-82-c12 position-relative\">\n              <!---->\n              <!---->\n              <div class=\"w-100 h-y-container h-column__content h-column__v-align flex-basis-100 align-self-lg-start align-self-md-start align-self-start\">\n                <!---->\n                <div data-colibri-id=\"82-c13\" class=\"h-icon style-253 style-local-82-c13 position-relative h-element\">\n                  <!----><span class=\"h-svg-icon h-icon__icon style-253-icon style-local-82-c13-icon\"><!--Icon by Font Awesome (https:\/\/fontawesome.com)--><svg version=\"1.1\" xmlns=\"http:\/\/www.w3.org\/2000\/svg\" xmlns:xlink=\"http:\/\/www.w3.org\/1999\/xlink\" id=\"gears\" viewBox=\"0 0 1920 1896.0833\"><path d=\"M896 896q0-106-75-181t-181-75-181 75-75 181 75 181 181 75 181-75 75-181zm768 512q0-52-38-90t-90-38-90 38-38 90q0 53 37.5 90.5t90.5 37.5 90.5-37.5 37.5-90.5zm0-1024q0-52-38-90t-90-38-90 38-38 90q0 53 37.5 90.5T1536 512t90.5-37.5T1664 384zm-384 421v185q0 10-7 19.5t-16 10.5l-155 24q-11 35-32 76 34 48 90 115 7 11 7 20 0 12-7 19-23 30-82.5 89.5T999 1423q-11 0-21-7l-115-90q-37 19-77 31-11 108-23 155-7 24-30 24H547q-11 0-20-7.5t-10-17.5l-23-153q-34-10-75-31l-118 89q-7 7-20 7-11 0-21-8-144-133-144-160 0-9 7-19 10-14 41-53t47-61q-23-44-35-82l-152-24q-10-1-17-9.5T0 987V802q0-10 7-19.5T23 772l155-24q11-35 32-76-34-48-90-115-7-11-7-20 0-12 7-20 22-30 82-89t79-59q11 0 21 7l115 90q34-18 77-32 11-108 23-154 7-24 30-24h186q11 0 20 7.5t10 17.5l23 153q34 10 75 31l118-89q8-7 20-7 11 0 21 8 144 133 144 160 0 8-7 19-12 16-42 54t-45 60q23 48 34 82l152 23q10 2 17 10.5t7 19.5zm640 533v140q0 16-149 31-12 27-30 52 51 113 51 138 0 4-4 7-122 71-124 71-8 0-46-47t-52-68q-20 2-30 2t-30-2q-14 21-52 68t-46 47q-2 0-124-71-4-3-4-7 0-25 51-138-18-25-30-52-149-15-149-31v-140q0-16 149-31 13-29 30-52-51-113-51-138 0-4 4-7 4-2 35-20t59-34 30-16q8 0 46 46.5t52 67.5q20-2 30-2t30 2q51-71 92-112l6-2q4 0 124 70 4 3 4 7 0 25-51 138 17 23 30 52 149 15 149 31zm0-1024v140q0 16-149 31-12 27-30 52 51 113 51 138 0 4-4 7-122 71-124 71-8 0-46-47t-52-68q-20 2-30 2t-30-2q-14 21-52 68t-46 47q-2 0-124-71-4-3-4-7 0-25 51-138-18-25-30-52-149-15-149-31V314q0-16 149-31 13-29 30-52-51-113-51-138 0-4 4-7 4-2 35-20t59-34 30-16q8 0 46 46.5t52 67.5q20-2 30-2t30 2q51-71 92-112l6-2q4 0 124 70 4 3 4 7 0 25-51 138 17 23 30 52 149 15 149 31z\"><\/path><\/svg><\/span><\/div>\n                <div\n                  data-colibri-id=\"82-c14\" class=\"h-global-transition-all h-heading style-254 style-local-82-c14 position-relative h-element\">\n                  <!---->\n                  <div class=\"h-heading__outer style-254 style-local-82-c14\">\n                    <!---->\n                    <!---->\n                    <h5 class=\"\">Technik &amp;\n                      <br>Innovation<\/h5>\n                  <\/div>\n              <\/div>\n              <div data-colibri-id=\"82-c15\" class=\"h-text h-text-component style-255 style-local-82-c15 position-relative h-element\">\n                <!---->\n                <!---->\n                <div class=\"\">\n                  <p>Wir helfen Ihnen, eine eigene Entwicklung aufzubauen oder Ihre zu optimieren. Wir stellen technische Experten f\u00fcr Ihre Projekte und k\u00f6nnen Aufgaben \u00fcbernehmen.<\/p>\n                <\/div>\n              <\/div>\n            <\/div>\n          <\/div>\n        <\/div>\n        <div class=\"h-column h-column-container d-flex h-col-lg-3 h-col-md-3 h-col-12 style-256-outer style-local-82-c16-outer\">\n          <div data-colibri-id=\"82-c16\" class=\"d-flex h-flex-basis h-column__inner h-px-lg-3 h-px-md-3 h-px-2 v-inner-lg-3 v-inner-md-3 v-inner-2 style-256 style-local-82-c16 position-relative\">\n            <!---->\n            <!---->\n            <div class=\"w-100 h-y-container h-column__content h-column__v-align flex-basis-100 align-self-lg-start align-self-md-start align-self-start\">\n              <!---->\n              <div data-colibri-id=\"82-c17\" class=\"h-icon style-253 style-local-82-c17 position-relative h-element\">\n                <!----><span class=\"h-svg-icon h-icon__icon style-253-icon style-local-82-c17-icon\"><!--Icon by Font Awesome (https:\/\/fontawesome.com)--><svg version=\"1.1\" xmlns=\"http:\/\/www.w3.org\/2000\/svg\" xmlns:xlink=\"http:\/\/www.w3.org\/1999\/xlink\" id=\"laptop\" viewBox=\"0 0 1920 1896.0833\"><path d=\"M416 1280q-66 0-113-47t-47-113V416q0-66 47-113t113-47h1088q66 0 113 47t47 113v704q0 66-47 113t-113 47H416zm-32-864v704q0 13 9.5 22.5t22.5 9.5h1088q13 0 22.5-9.5t9.5-22.5V416q0-13-9.5-22.5T1504 384H416q-13 0-22.5 9.5T384 416zm1376 928h160v96q0 40-47 68t-113 28H160q-66 0-113-28t-47-68v-96h1760zm-720 96q16 0 16-16t-16-16H880q-16 0-16 16t16 16h160z\"><\/path><\/svg><\/span><\/div>\n              <div\n                data-colibri-id=\"82-c18\" class=\"h-global-transition-all h-heading style-254 style-local-82-c18 position-relative h-element\">\n                <!---->\n                <div class=\"h-heading__outer style-254 style-local-82-c18\">\n                  <!---->\n                  <!---->\n                  <h5 class=\"\">Informations-Technologie<\/h5>\n                <\/div>\n            <\/div>\n            <div data-colibri-id=\"82-c19\" class=\"h-text h-text-component style-255 style-local-82-c19 position-relative h-element\">\n              <!---->\n              <!---->\n              <div class=\"\">\n                <p><span style=\"font-weight: 400; font-size: 16px; font-family: &quot;Open Sans&quot;; color: rgb(70, 112, 127);\">Wir k\u00f6nnen Ihnen helfen, das richtige ERP-System zu finden und einzuf\u00fchren. Wir zeigen Ihnen, wie Sie von &nbsp;Digitalisierung profitieren und wo KI Ihnen helfen kann.<\/span><\/p>\n              <\/div>\n            <\/div>\n          <\/div>\n        <\/div>\n      <\/div>\n    <\/div>\n  <\/div>\n<\/div>\n<\/div>\n<\/div>","protected":false},"excerpt":{"rendered":"<p>Unternehmer-Runden&nbsp; Sie beraten sich mit&nbsp;anderen Unternehmern und werden von uns auch zwischen den Treffen gezielt weiter entwickelt. Wir nutzen daf\u00fcr das bew\u00e4hrte System von TAB\u00ae Beratung &amp; Coaching Wir sind spezialisiert auf den Mittelstand. Unsere L\u00f6sungen passen garantiert zu Ihnen und wir lassen Sie auch bei der Umsetzung nicht im Stich. Technik &amp; Innovation Wir [&hellip;]<\/p>\n","protected":false},"author":1,"featured_media":0,"parent":0,"menu_order":0,"comment_status":"closed","ping_status":"closed","template":"page-templates\/homepage.php","meta":[],"_links":{"self":[{"href":"https:\/\/www.auritus.de\/index.php?rest_route=\/wp\/v2\/pages\/82"}],"collection":[{"href":"https:\/\/www.auritus.de\/index.php?rest_route=\/wp\/v2\/pages"}],"about":[{"href":"https:\/\/www.auritus.de\/index.php?rest_route=\/wp\/v2\/types\/page"}],"author":[{"embeddable":true,"href":"https:\/\/www.auritus.de\/index.php?rest_route=\/wp\/v2\/users\/1"}],"replies":[{"embeddable":true,"href":"https:\/\/www.auritus.de\/index.php?rest_route=%2Fwp%2Fv2%2Fcomments&post=82"}],"version-history":[{"count":20,"href":"https:\/\/www.auritus.de\/index.php?rest_route=\/wp\/v2\/pages\/82\/revisions"}],"predecessor-version":[{"id":1101,"href":"https:\/\/www.auritus.de\/index.php?rest_route=\/wp\/v2\/pages\/82\/revisions\/1101"}],"wp:attachment":[{"href":"https:\/\/www.auritus.de\/index.php?rest_route=%2Fwp%2Fv2%2Fmedia&parent=82"}],"curies":[{"name":"wp","href":"https:\/\/api.w.org\/{rel}","templated":true}]}}