{"id":965,"date":"2022-03-28T10:45:45","date_gmt":"2022-03-28T10:45:45","guid":{"rendered":"https:\/\/www.auritus.de\/?page_id=965"},"modified":"2022-03-28T12:27:54","modified_gmt":"2022-03-28T12:27:54","slug":"jobs","status":"publish","type":"page","link":"https:\/\/www.auritus.de\/?page_id=965","title":{"rendered":"Jobs"},"content":{"rendered":"<div data-colibri-id=\"965-c1\" class=\"style-391 style-local-965-c1 position-relative\">\n  <!---->\n  <div data-colibri-component=\"section\" data-colibri-id=\"965-c2\" id=\"custom\" class=\"h-section h-section-global-spacing d-flex align-items-lg-center align-items-md-center align-items-center style-398 style-local-965-c2 position-relative\">\n    <!---->\n    <!---->\n    <div class=\"h-section-grid-container h-section-boxed-container\">\n      <!---->\n      <div data-colibri-id=\"965-c3\" class=\"h-row-container gutters-row-lg-2 gutters-row-md-2 gutters-row-0 gutters-row-v-lg-2 gutters-row-v-md-2 gutters-row-v-2 style-405 style-local-965-c3 position-relative\">\n        <!---->\n        <div class=\"h-row justify-content-lg-center justify-content-md-center justify-content-center align-items-lg-stretch align-items-md-stretch align-items-stretch gutters-col-lg-2 gutters-col-md-2 gutters-col-0 gutters-col-v-lg-2 gutters-col-v-md-2 gutters-col-v-2\">\n          <!---->\n          <div class=\"h-column h-column-container d-flex h-col-lg-auto h-col-md-auto h-col-auto style-406-outer style-local-965-c4-outer\">\n            <div data-colibri-id=\"965-c4\" class=\"d-flex h-flex-basis h-column__inner h-px-lg-2 h-px-md-2 h-px-2 v-inner-lg-2 v-inner-md-2 v-inner-2 style-406 style-local-965-c4 position-relative\">\n              <!---->\n              <!---->\n              <div class=\"w-100 h-y-container h-column__content h-column__v-align flex-basis-100 align-self-lg-start align-self-md-start align-self-start\">\n                <!---->\n                <div data-colibri-id=\"965-c5\" class=\"h-global-transition-all h-heading style-418 style-local-965-c5 position-relative h-element\">\n                  <!---->\n                  <div class=\"h-heading__outer style-418 style-local-965-c5\">\n                    <!---->\n                    <!---->\n                    <h3 class=\"\">Etwas SINNvolles tun?<\/h3>\n                  <\/div>\n                <\/div>\n              <\/div>\n            <\/div>\n          <\/div>\n          <div class=\"h-column h-column-container d-flex h-col-lg-auto h-col-md-auto h-col-auto style-407-outer style-local-965-c6-outer\">\n            <div data-colibri-id=\"965-c6\" class=\"d-flex h-flex-basis h-column__inner h-px-lg-2 h-px-md-2 h-px-2 v-inner-lg-2 v-inner-md-2 v-inner-2 style-407 style-local-965-c6 position-relative\">\n              <!---->\n              <!---->\n              <div class=\"w-100 h-y-container h-column__content h-column__v-align flex-basis-100 align-self-lg-start align-self-md-start align-self-start\">\n                <!---->\n                <div data-colibri-id=\"965-c7\" class=\"h-global-transition-all h-heading style-420 style-local-965-c7 position-relative h-element\">\n                  <!---->\n                  <div class=\"h-heading__outer style-420 style-local-965-c7\">\n                    <!---->\n                    <!---->\n                    <h3 class=\"\">SELBSTbestimmt und skalierbar?<\/h3>\n                  <\/div>\n                <\/div>\n              <\/div>\n            <\/div>\n          <\/div>\n        <\/div>\n      <\/div>\n      <div data-colibri-id=\"965-c8\" class=\"h-row-container gutters-row-lg-0 gutters-row-md-0 gutters-row-0 gutters-row-v-lg-0 gutters-row-v-md-0 gutters-row-v-0 style-399 style-local-965-c8 position-relative\">\n        <!---->\n        <div class=\"h-row justify-content-lg-center justify-content-md-center justify-content-center align-items-lg-stretch align-items-md-stretch align-items-stretch gutters-col-lg-0 gutters-col-md-0 gutters-col-0 gutters-col-v-lg-0 gutters-col-v-md-0 gutters-col-v-0\">\n          <!---->\n          <div class=\"h-column h-column-container d-flex h-col-lg-auto h-col-md-auto h-col-auto style-400-outer style-local-965-c9-outer\">\n            <div data-colibri-id=\"965-c9\" class=\"d-flex h-flex-basis h-column__inner h-px-lg-2 h-px-md-2 h-px-2 v-inner-lg-2 v-inner-md-2 v-inner-2 style-400 style-local-965-c9 position-relative\">\n              <!---->\n              <!---->\n              <div class=\"w-100 h-y-container h-column__content h-column__v-align flex-basis-100 align-self-lg-start align-self-md-start align-self-start\">\n                <!---->\n                <div data-colibri-id=\"965-c10\" class=\"d-block style-402 style-local-965-c10 position-relative h-element\">\n                  <!---->\n                  <div class=\"h-image__frame-container-outer\">\n                    <div class=\"h-image__frame-container\">\n                      <!---->\n                      <!---->\n                      <img decoding=\"async\" loading=\"lazy\" width=\"514\" height=\"450\" src=\"https:\/\/www.auritus.de\/wp-content\/uploads\/2022\/01\/cropped-meeting-foto-unsplash-com-dylan-gillis.jpeg\" class=\"wp-image-290 style-402-image style-local-965-c10-image\" srcset=\"https:\/\/www.auritus.de\/wp-content\/uploads\/2022\/01\/cropped-meeting-foto-unsplash-com-dylan-gillis.jpeg 514w, https:\/\/www.auritus.de\/wp-content\/uploads\/2022\/01\/cropped-meeting-foto-unsplash-com-dylan-gillis-300x263.jpeg 300w\" sizes=\"(max-width: 514px) 100vw, 514px\" alt=\"\" \/>\n                      <div class=\"h-image__frame h-hide-lg h-hide-md h-hide-sm style-402-frameImage style-local-965-c10-frameImage\"><\/div>\n                    <\/div>\n                  <\/div>\n                <\/div>\n              <\/div>\n            <\/div>\n          <\/div>\n          <div class=\"h-column h-column-container d-flex h-col-lg-auto h-col-md-auto h-col-auto style-401-outer style-local-965-c11-outer\">\n            <div data-colibri-id=\"965-c11\" class=\"d-flex h-flex-basis h-column__inner h-px-lg-1 h-px-md-1 h-px-1 v-inner-lg-1 v-inner-md-1 v-inner-1 style-401 style-local-965-c11 position-relative\">\n              <!---->\n              <!---->\n              <div class=\"w-100 h-y-container h-column__content h-column__v-align flex-basis-100 align-self-lg-start align-self-md-start align-self-start\">\n                <!---->\n                <div data-colibri-id=\"965-c12\" class=\"h-global-transition-all h-heading style-403 style-local-965-c12 position-relative h-element\">\n                  <!---->\n                  <div class=\"h-heading__outer style-403 style-local-965-c12\">\n                    <!---->\n                    <!---->\n                    <h4 class=\"\">Freiberuflicher Coach &amp; Moderator<\/h4>\n                  <\/div>\n                <\/div>\n                <div data-colibri-id=\"965-c13\" class=\"h-text h-text-component style-404 style-local-965-c13 position-relative h-element\">\n                  <!---->\n                  <!---->\n                  <div class=\"\">\n                    <p>Ihre Aufgaben:<\/p>\n                    <ul>\n                      <li>Bauen Sie mit uns gemeinsam Unternehmerrunden in der Region auf<\/li>\n                      <li>Leiten und moderieren Sie die monatlich stattfindenden Unternehmertreffen<\/li>\n                      <li>F\u00fchren Sie individuelle Coachings mit Unternehmern durch<\/li>\n                      <li>Unterst\u00fctzen Sie Unternehmer bei der Anwendung unserer Unternehmerwerkzeuge<\/li>\n                    <\/ul>\n                    <p>\n                      <br>\n                    <\/p>\n                    <p>Ihr Profil:<\/p>\n                    <ul>\n                      <li>Passion, anderen zu mehr Erfolg zu verhelfen<\/li>\n                      <li>Freude im Umgang mit anderen Menschen<\/li>\n                      <li>F\u00fchrungserfahrung&nbsp;<\/li>\n                      <li>Unternehmerisches Denken und Handeln<\/li>\n                      <li>Souver\u00e4nes Auftreten, auf Augenh\u00f6he mit den Unternehmern\n                        <br>\n                        <br>\n                      <\/li>\n                    <\/ul>\n                    <p>Diese Rolle eignet sich auch als zus\u00e4tzliches Teilzeit-Engagement bietet aber viele Entwicklungsm\u00f6glichkeit, bis hin zur komplette \u00dcbernahme einer Region.<\/p>\n                  <\/div>\n                <\/div>\n              <\/div>\n            <\/div>\n          <\/div>\n        <\/div>\n      <\/div>\n      <div data-colibri-id=\"965-c14\" class=\"h-row-container gutters-row-lg-2 gutters-row-md-2 gutters-row-0 gutters-row-v-lg-2 gutters-row-v-md-2 gutters-row-v-2 style-415 style-local-965-c14 position-relative\">\n        <!---->\n        <div class=\"h-row justify-content-lg-center justify-content-md-center justify-content-center align-items-lg-stretch align-items-md-stretch align-items-stretch gutters-col-lg-2 gutters-col-md-2 gutters-col-0 gutters-col-v-lg-2 gutters-col-v-md-2 gutters-col-v-2\">\n          <!---->\n          <div class=\"h-column h-column-container d-flex h-col-lg-auto h-col-md-auto h-col-auto style-416-outer style-local-965-c15-outer\">\n            <div data-colibri-id=\"965-c15\" class=\"d-flex h-flex-basis h-column__inner h-px-lg-2 h-px-md-2 h-px-2 v-inner-lg-2 v-inner-md-2 v-inner-2 style-416 style-local-965-c15 position-relative\">\n              <!---->\n              <!---->\n              <div class=\"w-100 h-y-container h-column__content h-column__v-align flex-basis-100 align-self-lg-start align-self-md-start align-self-start\">\n                <!---->\n                <div data-colibri-id=\"965-c16\" class=\"h-row-container gutters-row-lg-2 gutters-row-md-2 gutters-row-0 gutters-row-v-lg-2 gutters-row-v-md-2 gutters-row-v-2 style-421 style-local-965-c16 position-relative\">\n                  <!---->\n                  <div class=\"h-row justify-content-lg-center justify-content-md-center justify-content-center align-items-lg-stretch align-items-md-stretch align-items-stretch gutters-col-lg-2 gutters-col-md-2 gutters-col-0 gutters-col-v-lg-2 gutters-col-v-md-2 gutters-col-v-2\">\n                    <!---->\n                    <div class=\"h-column h-column-container d-flex h-col-lg-auto h-col-md-auto h-col-auto style-422-outer style-local-965-c17-outer\">\n                      <div data-colibri-id=\"965-c17\" class=\"d-flex h-flex-basis h-column__inner h-px-lg-2 h-px-md-2 h-px-2 v-inner-lg-2 v-inner-md-2 v-inner-2 style-422 style-local-965-c17 position-relative\">\n                        <!---->\n                        <!---->\n                        <div class=\"w-100 h-y-container h-column__content h-column__v-align flex-basis-100 align-self-lg-start align-self-md-start align-self-start\">\n                          <!---->\n                          <div data-colibri-id=\"965-c22\" class=\"h-global-transition-all h-heading style-427 style-local-965-c22 position-relative h-element\">\n                            <!---->\n                            <div class=\"h-heading__outer style-427 style-local-965-c22\">\n                              <!---->\n                              <!---->\n                              <h3 class=\"\">Kreativ sein in der Entwicklung?<\/h3>\n                            <\/div>\n                          <\/div>\n                        <\/div>\n                      <\/div>\n                    <\/div>\n                    <div class=\"h-column h-column-container d-flex h-col-lg-auto h-col-md-auto h-col-auto style-423-outer style-local-965-c18-outer\">\n                      <div data-colibri-id=\"965-c18\" class=\"d-flex h-flex-basis h-column__inner h-px-lg-2 h-px-md-2 h-px-2 v-inner-lg-2 v-inner-md-2 v-inner-2 style-423 style-local-965-c18 position-relative\">\n                        <!---->\n                        <!---->\n                        <div class=\"w-100 h-y-container h-column__content h-column__v-align flex-basis-100 align-self-lg-start align-self-md-start align-self-start\">\n                          <!---->\n                          <div data-colibri-id=\"965-c23\" class=\"h-global-transition-all h-heading style-428 style-local-965-c23 position-relative h-element\">\n                            <!---->\n                            <div class=\"h-heading__outer style-428 style-local-965-c23\">\n                              <!---->\n                              <!---->\n                              <h3 class=\"\">Erfahrungen sammeln?<\/h3>\n                            <\/div>\n                          <\/div>\n                        <\/div>\n                      <\/div>\n                    <\/div>\n                  <\/div>\n                <\/div>\n              <\/div>\n            <\/div>\n          <\/div>\n        <\/div>\n      <\/div>\n      <div data-colibri-id=\"965-c19\" class=\"h-row-container gutters-row-lg-2 gutters-row-md-2 gutters-row-0 gutters-row-v-lg-2 gutters-row-v-md-2 gutters-row-v-2 style-424 style-local-965-c19 position-relative\">\n        <!---->\n        <div class=\"h-row justify-content-lg-center justify-content-md-center justify-content-center align-items-lg-stretch align-items-md-stretch align-items-stretch gutters-col-lg-2 gutters-col-md-2 gutters-col-0 gutters-col-v-lg-2 gutters-col-v-md-2 gutters-col-v-2\">\n          <!---->\n          <div class=\"h-column h-column-container d-flex h-col-lg-auto h-col-md-auto h-col-auto style-425-outer style-local-965-c20-outer\">\n            <div data-colibri-id=\"965-c20\" class=\"d-flex h-flex-basis h-column__inner h-ui-empty-state-container h-px-lg-2 h-px-md-2 h-px-2 v-inner-lg-2 v-inner-md-2 v-inner-2 style-425 style-local-965-c20 position-relative\">\n              <!---->\n              <!---->\n              <div class=\"w-100 h-y-container h-column__content h-column__v-align flex-basis-100\">\n                <!---->\n              <\/div>\n            <\/div>\n          <\/div>\n          <div class=\"h-column h-column-container d-flex h-col-lg-auto h-col-md-auto h-col-auto style-426-outer style-local-965-c21-outer\">\n            <div data-colibri-id=\"965-c21\" class=\"d-flex h-flex-basis h-column__inner h-ui-empty-state-container h-px-lg-2 h-px-md-2 h-px-2 v-inner-lg-2 v-inner-md-2 v-inner-2 style-426 style-local-965-c21 position-relative\">\n              <!---->\n              <!---->\n              <div class=\"w-100 h-y-container h-column__content h-column__v-align flex-basis-100\">\n                <!---->\n              <\/div>\n            <\/div>\n          <\/div>\n        <\/div>\n      <\/div>\n    <\/div>\n  <\/div>\n<\/div>","protected":false},"excerpt":{"rendered":"<p>Etwas SINNvolles tun? SELBSTbestimmt und skalierbar? Freiberuflicher Coach &amp; Moderator Ihre Aufgaben: Bauen Sie mit uns gemeinsam Unternehmerrunden in der Region auf Leiten und moderieren Sie die monatlich stattfindenden Unternehmertreffen F\u00fchren Sie individuelle Coachings mit Unternehmern durch Unterst\u00fctzen Sie Unternehmer bei der Anwendung unserer Unternehmerwerkzeuge Ihr Profil: Passion, anderen zu mehr Erfolg zu verhelfen Freude [&hellip;]<\/p>\n","protected":false},"author":1,"featured_media":0,"parent":0,"menu_order":0,"comment_status":"closed","ping_status":"closed","template":"page-templates\/full-width-page.php","meta":[],"_links":{"self":[{"href":"https:\/\/www.auritus.de\/index.php?rest_route=\/wp\/v2\/pages\/965"}],"collection":[{"href":"https:\/\/www.auritus.de\/index.php?rest_route=\/wp\/v2\/pages"}],"about":[{"href":"https:\/\/www.auritus.de\/index.php?rest_route=\/wp\/v2\/types\/page"}],"author":[{"embeddable":true,"href":"https:\/\/www.auritus.de\/index.php?rest_route=\/wp\/v2\/users\/1"}],"replies":[{"embeddable":true,"href":"https:\/\/www.auritus.de\/index.php?rest_route=%2Fwp%2Fv2%2Fcomments&post=965"}],"version-history":[{"count":6,"href":"https:\/\/www.auritus.de\/index.php?rest_route=\/wp\/v2\/pages\/965\/revisions"}],"predecessor-version":[{"id":1005,"href":"https:\/\/www.auritus.de\/index.php?rest_route=\/wp\/v2\/pages\/965\/revisions\/1005"}],"wp:attachment":[{"href":"https:\/\/www.auritus.de\/index.php?rest_route=%2Fwp%2Fv2%2Fmedia&parent=965"}],"curies":[{"name":"wp","href":"https:\/\/api.w.org\/{rel}","templated":true}]}}